{"id":8,"date":"2023-11-03T22:19:01","date_gmt":"2023-11-03T21:19:01","guid":{"rendered":"https:\/\/colombiavenezuela.rrremesas.com\/?page_id=8"},"modified":"2023-11-04T05:09:40","modified_gmt":"2023-11-04T04:09:40","slug":"inicio","status":"publish","type":"page","link":"https:\/\/colombiavenezuela.rrremesas.com\/","title":{"rendered":"Inicio"},"content":{"rendered":"\n<div class=\"wp-block-cover alignfull is-light\" style=\"min-height:720px\"><span aria-hidden=\"true\" class=\"wp-block-cover__background has-background-dim-100 has-background-dim has-background-gradient\" style=\"background:linear-gradient(35deg,rgb(6,0,151) 0%,rgb(130,4,255) 73%,rgb(193,15,255) 100%)\"><\/span><div class=\"wp-block-cover__inner-container is-layout-flow wp-block-cover-is-layout-flow\">\n<div class=\"inherit-container-width wp-block-group alignwide is-layout-constrained wp-block-group-is-layout-constrained\">\n<div class=\"wp-block-media-text alignwide has-media-on-the-right is-stacked-on-mobile is-vertically-aligned-center\" style=\"grid-template-columns:auto 43%\"><div class=\"wp-block-media-text__content\">\n<h1 class=\"wp-block-heading has-text-align-left has-white-color has-text-color\">trabaja con remesas a Venezuela<\/h1>\n\n\n\n<p>\u00a1Aprende a enviar remesas de manera sencilla y segura a <strong>Venezuela <\/strong>desde <strong>Colombia <\/strong>y gana un <strong>10% de comisi\u00f3n<\/strong> en cada env\u00edo! Con nuestro servicio de transferencias P2P, no necesitas una cuenta en el pa\u00eds destino. <\/p>\n\n\n\n<div class=\"wp-block-buttons is-layout-flex wp-block-buttons-is-layout-flex\">\n<div class=\"wp-block-button\"><a class=\"wp-block-button__link wp-element-button\" href=\"#https:\/\/pay.hotmart.com\/V87981528H\">Si quiero<\/a><\/div>\n<\/div>\n<\/div><figure class=\"wp-block-media-text__media\"><img decoding=\"async\" src=\"https:\/\/colombiavenezuela.rrremesas.com\/wp-content\/themes\/astra\/inc\/assets\/images\/starter-content\/hero-img.svg\" alt=\"\" class=\"wp-image-118 size-full\"\/><\/figure><\/div>\n<\/div>\n<\/div><\/div>\n\n\n\n<div class=\"wp-block-group alignfull has-ast-global-color-5-background-color has-background is-layout-constrained wp-container-9 wp-block-group-is-layout-constrained\" style=\"padding-bottom:0px\">\n<p>\u00a1No pierdas la oportunidad de unirte a nuestro exclusivo curso dise\u00f1ado para aprovechar el gran mercado de los 2,5 millones de migrantes venezolanos en Colombia que env\u00edan remesas a Venezuela mes a mes! Aprende estrategias efectivas para convertirte en un experto en el negocio de las remesas y gana un impresionante 10% de comisi\u00f3n en cada giro. Este es el momento perfecto para capitalizar esta creciente demanda y construir un futuro financiero s\u00f3lido. \u00a1Inscr\u00edbete ahora y comienza a maximizar tus ingresos en un mercado en constante crecimiento!<\/p>\n\n\n\n<h2 class=\"wp-block-heading\">Que voy a aprender ?<\/h2>\n\n\n\n<div class=\"wp-block-columns are-vertically-aligned-top is-layout-flex wp-container-8 wp-block-columns-is-layout-flex\">\n<div class=\"wp-block-column is-vertically-aligned-top is-layout-flow wp-container-4 wp-block-column-is-layout-flow\">\n<figure class=\"wp-block-image size-large\"><img decoding=\"async\" src=\"https:\/\/colombiavenezuela.rrremesas.com\/wp-content\/themes\/astra\/inc\/assets\/images\/starter-content\/building.svg\" alt=\"\" class=\"wp-image-134\"\/><\/figure>\n\n\n\n<h3 class=\"wp-block-heading has-text-align-left\" style=\"margin-top:16px\">Impuestos<\/h3>\n\n\n\n<p class=\"has-text-align-left\">Que tus obligaciones fiscales<\/p>\n<\/div>\n\n\n\n<div class=\"wp-block-column is-vertically-aligned-top is-layout-flow wp-container-5 wp-block-column-is-layout-flow\">\n<figure class=\"wp-block-image size-large\"><img decoding=\"async\" src=\"https:\/\/colombiavenezuela.rrremesas.com\/wp-content\/themes\/astra\/inc\/assets\/images\/starter-content\/shopping-bag.svg\" alt=\"\" class=\"wp-image-135\"\/><\/figure>\n\n\n\n<h3 class=\"wp-block-heading has-text-align-left\" style=\"margin-top:16px\">Tasas de cambio<\/h3>\n\n\n\n<p class=\"has-text-align-left\">Calcular tasa de cambio  y como pasar pesos a bs <\/p>\n<\/div>\n\n\n\n<div class=\"wp-block-column is-vertically-aligned-top is-layout-flow wp-container-6 wp-block-column-is-layout-flow\">\n<figure class=\"wp-block-image size-large\"><img decoding=\"async\" src=\"https:\/\/colombiavenezuela.rrremesas.com\/wp-content\/themes\/astra\/inc\/assets\/images\/starter-content\/blog.svg\" alt=\"\" class=\"wp-image-136\"\/><\/figure>\n\n\n\n<h3 class=\"wp-block-heading has-text-align-left\" style=\"margin-top:16px\">Captar clientes<\/h3>\n\n\n\n<p class=\"has-text-align-left\">Estrategia para captar clientes de forma eficas<\/p>\n<\/div>\n\n\n\n<div class=\"wp-block-column is-vertically-aligned-top is-layout-flow wp-container-7 wp-block-column-is-layout-flow\">\n<figure class=\"wp-block-image size-large\"><img decoding=\"async\" src=\"https:\/\/colombiavenezuela.rrremesas.com\/wp-content\/themes\/astra\/inc\/assets\/images\/starter-content\/portfolio.svg\" alt=\"\" class=\"wp-image-137\"\/><\/figure>\n\n\n\n<h3 class=\"wp-block-heading has-text-align-left\" style=\"margin-top:16px\">Redes P2P<\/h3>\n\n\n\n<p class=\"has-text-align-left\">Intercambios p2p para enviar dinero a cualquier pais<\/p>\n<\/div>\n<\/div>\n<\/div>\n\n\n\n<div class=\"wp-block-group alignfull is-layout-constrained wp-container-14 wp-block-group-is-layout-constrained\" id=\"services\" style=\"padding-top:144px;padding-bottom:0px\">\n<h2 class=\"wp-block-heading\">Garantizado<\/h2>\n\n\n\n<div class=\"wp-block-columns is-layout-flex wp-container-13 wp-block-columns-is-layout-flex\" style=\"margin-top:50px\">\n<div class=\"wp-block-column is-layout-flow wp-container-10 wp-block-column-is-layout-flow\">\n<figure class=\"wp-block-image size-full\"><img decoding=\"async\" src=\"https:\/\/colombiavenezuela.rrremesas.com\/wp-content\/themes\/astra\/inc\/assets\/images\/starter-content\/branding.jpg\" alt=\"\" class=\"wp-image-230\"\/><\/figure>\n\n\n\n<h3 class=\"wp-block-heading\" style=\"margin-top:16px\">Sistema de pago seguro<\/h3>\n\n\n\n<p>Nuestro curso utiliza la plataforma Hotmart para garantizar la m\u00e1xima seguridad en tus transacciones. Hotmart utiliza tecnolog\u00eda de encriptaci\u00f3n de vanguardia para proteger tus datos personales y financieros.<\/p>\n<\/div>\n\n\n\n<div class=\"wp-block-column is-layout-flow wp-container-11 wp-block-column-is-layout-flow\">\n<figure class=\"wp-block-image size-full\"><img decoding=\"async\" src=\"https:\/\/colombiavenezuela.rrremesas.com\/wp-content\/themes\/astra\/inc\/assets\/images\/starter-content\/graphic.jpg\" alt=\"\" class=\"wp-image-232\"\/><\/figure>\n\n\n\n<h3 class=\"wp-block-heading\" style=\"margin-top:16px\">Pol\u00edtica de devoluci\u00f3n<\/h3>\n\n\n\n<p>En nuestro compromiso por brindar la mejor experiencia de aprendizaje, estamos encantados de ofrecer una pol\u00edtica de devoluci\u00f3n de 7 d\u00edas. Esto significa que si por alguna raz\u00f3n no est\u00e1s satisfecho con tu compra, tienes una semana completa para evaluar el curso.<\/p>\n<\/div>\n\n\n\n<div class=\"wp-block-column is-layout-flow wp-container-12 wp-block-column-is-layout-flow\">\n<figure class=\"wp-block-image size-full\"><img decoding=\"async\" src=\"https:\/\/colombiavenezuela.rrremesas.com\/wp-content\/themes\/astra\/inc\/assets\/images\/starter-content\/web.jpg\" alt=\"\" class=\"wp-image-231\"\/><\/figure>\n\n\n\n<h3 class=\"wp-block-heading\" style=\"margin-top:16px\">Clases practicas<\/h3>\n\n\n\n<p> Las clases est\u00e1n dise\u00f1adas en sesiones de pocos minutos, lo que te permite aprender de manera efectiva sin ocupar grandes bloques de tiempo. Cada lecci\u00f3n se centra en la aplicaci\u00f3n pr\u00e1ctica, lo que significa que obtendr\u00e1s conocimientos \u00fatiles y directamente aplicables en cada sesi\u00f3n<\/p>\n<\/div>\n<\/div>\n<\/div>\n\n\n\n<div class=\"wp-block-group alignfull has-ast-global-color-5-background-color has-background is-layout-constrained wp-container-16 wp-block-group-is-layout-constrained\" id=\"about\" style=\"padding-top:143px;padding-bottom:144px\">\n<div class=\"wp-block-media-text has-media-on-the-right is-stacked-on-mobile is-vertically-aligned-center\"><div class=\"wp-block-media-text__content\">\n<h2 class=\"wp-block-heading\" style=\"padding-right:40px\">Practico<\/h2>\n\n\n\n<div class=\"inherit-container-width wp-block-group is-layout-constrained wp-block-group-is-layout-constrained\" style=\"padding-right:80px\">\n<p>Mi curso te brinda una hora de contenido valioso, condensado y pr\u00e1ctico para desarrollar fuentes de ingreso en l\u00ednea. Pero no termina ah\u00ed; te ofrezco 30 d\u00edas de seguimiento personalizado, donde estar\u00e9 a tu disposici\u00f3n para responder tus preguntas, proporcionar orientaci\u00f3n adicional y ayudarte a aplicar lo aprendido en tu propia vida y proyectos. Mi compromiso es asegurarte el \u00e9xito en este emocionante viaje hacia la prosperidad en l\u00ednea.<\/p>\n\n\n\n<p><\/p>\n<\/div>\n<\/div><figure class=\"wp-block-media-text__media\"><img decoding=\"async\" src=\"https:\/\/colombiavenezuela.rrremesas.com\/wp-content\/themes\/astra\/inc\/assets\/images\/starter-content\/about-us.jpg\" alt=\"\" class=\"wp-image-237 size-full\"\/><\/figure><\/div>\n<\/div>\n\n\n\n<div class=\"wp-block-group alignfull has-ast-global-color-4-background-color has-background is-layout-constrained wp-container-18 wp-block-group-is-layout-constrained\" id=\"reviews\">\n<div class=\"wp-block-columns are-vertically-aligned-center is-layout-flex wp-container-17 wp-block-columns-is-layout-flex\"><\/div>\n\n\n\n<p class=\"has-text-align-center\" style=\"font-size:22px;line-height:1.6\">\u201cCon una experiencia s\u00f3lida de m\u00e1s de 5 a\u00f1os en el env\u00edo de remesas a Venezuela a trav\u00e9s de redes P2P, te guiar\u00e9 a lo largo de este curso para que puedas beneficiarte de m\u00ed profundo conocimiento y experiencia en este campo.\u201d<\/p>\n\n\n\n<p class=\"has-text-align-center\"><strong>V\u00edctor Rodr\u00edguez<\/strong><\/p>\n<\/div>\n\n\n\n<div class=\"wp-block-group alignfull is-layout-constrained wp-container-23 wp-block-group-is-layout-constrained\" id=\"whyus\" style=\"padding-top:144px;padding-bottom:144px\">\n<h2 class=\"wp-block-heading\">Responsabilidad<\/h2>\n\n\n\n<div class=\"wp-block-columns is-layout-flex wp-container-22 wp-block-columns-is-layout-flex\" style=\"margin-top:60px\">\n<div class=\"wp-block-column is-layout-flow wp-container-19 wp-block-column-is-layout-flow\">\n<figure class=\"wp-block-image size-large\"><img decoding=\"async\" src=\"https:\/\/colombiavenezuela.rrremesas.com\/wp-content\/themes\/astra\/inc\/assets\/images\/starter-content\/passionate.svg\" alt=\"\" class=\"wp-image-162\"\/><\/figure>\n\n\n\n<h3 class=\"wp-block-heading\" style=\"margin-top:16px\">Comunidad<\/h3>\n\n\n\n<p>En nuestro curso, te ofrecemos una comunidad de aprendizaje s\u00f3lida donde podr\u00e1s unirte a un grupo de estudiantes apasionados y compartir tus dudas.<\/p>\n<\/div>\n\n\n\n<div class=\"wp-block-column is-layout-flow wp-container-20 wp-block-column-is-layout-flow\">\n<figure class=\"wp-block-image size-large\"><img decoding=\"async\" src=\"https:\/\/colombiavenezuela.rrremesas.com\/wp-content\/themes\/astra\/inc\/assets\/images\/starter-content\/professional.svg\" alt=\"\" class=\"wp-image-163\"\/><\/figure>\n\n\n\n<h3 class=\"wp-block-heading\" style=\"margin-top:16px\">Profesional<\/h3>\n\n\n\n<p>Tengo m\u00e1s de 5 a\u00f1os de experiencia en el mundo de las remesas. Durante este tiempo, he perfeccionado mis habilidades y conocimientos para brindar un servicio confiable y eficiente. <\/p>\n<\/div>\n\n\n\n<div class=\"wp-block-column is-layout-flow wp-container-21 wp-block-column-is-layout-flow\">\n<figure class=\"wp-block-image size-large\"><img decoding=\"async\" src=\"https:\/\/colombiavenezuela.rrremesas.com\/wp-content\/themes\/astra\/inc\/assets\/images\/starter-content\/support.svg\" alt=\"\" class=\"wp-image-164\"\/><\/figure>\n\n\n\n<h3 class=\"wp-block-heading\" style=\"margin-top:16px\">Asistencia<\/h3>\n\n\n\n<p>Obt\u00e9n 30 d\u00edas de asistencia personalizada despu\u00e9s de adquirir nuestro curso. Estamos aqu\u00ed para ayudarte en cada paso de tu aprendizaje. <\/p>\n<\/div>\n<\/div>\n<\/div>\n\n\n\n<div class=\"wp-block-group alignfull has-background is-layout-constrained wp-container-25 wp-block-group-is-layout-constrained\" id=\"contact\" style=\"background:linear-gradient(35deg,rgb(6,0,151) 0%,rgb(130,4,255) 64%,rgb(193,15,255) 98%);padding-top:104px;padding-bottom:104px\">\n<h2 class=\"wp-block-heading has-text-align-center has-text-color\" style=\"color:#ffffff\">Accede al curso ahora<\/h2>\n\n\n\n<div class=\"wp-block-buttons alignwide is-horizontal is-content-justification-center is-layout-flex wp-container-24 wp-block-buttons-is-layout-flex\" style=\"margin-top:50px\">\n<div class=\"wp-block-button\"><a class=\"wp-block-button__link wp-element-button\" href=\"https:\/\/pay.hotmart.com\/V87981528H\">Si quiero<\/a><\/div>\n<\/div>\n<\/div>\n","protected":false},"excerpt":{"rendered":"<p>\u00a1No pierdas la oportunidad de unirte a nuestro exclusivo curso dise\u00f1ado para aprovechar el gran mercado de los 2,5 millones de migrantes venezolanos en Colombia que env\u00edan remesas a Venezuela mes a mes! Aprende estrategias efectivas para convertirte en un experto en el negocio de las remesas y gana un impresionante 10% de comisi\u00f3n en &hellip;<\/p>\n<p class=\"read-more\"> <a class=\"\" href=\"https:\/\/colombiavenezuela.rrremesas.com\/\"> <span class=\"screen-reader-text\">Inicio<\/span> Read More &raquo;<\/a><\/p>\n","protected":false},"author":1,"featured_media":0,"parent":0,"menu_order":0,"comment_status":"closed","ping_status":"closed","template":"","meta":{"site-sidebar-layout":"no-sidebar","site-content-layout":"plain-container","ast-site-content-layout":"","site-content-style":"default","site-sidebar-style":"default","ast-global-header-display":"","ast-banner-title-visibility":"","ast-main-header-display":"","ast-hfb-above-header-display":"","ast-hfb-below-header-display":"","ast-hfb-mobile-header-display":"","site-post-title":"disabled","ast-breadcrumbs-content":"","ast-featured-img":"","footer-sml-layout":"","theme-transparent-header-meta":"enabled","adv-header-id-meta":"","stick-header-meta":"","header-above-stick-meta":"","header-main-stick-meta":"","header-below-stick-meta":"","astra-migrate-meta-layouts":"","ast-page-background-enabled":"default","ast-page-background-meta":{"desktop":{"background-color":"var(--ast-global-color-4)","background-image":"","background-repeat":"repeat","background-position":"center center","background-size":"auto","background-attachment":"scroll","background-type":"","background-media":"","overlay-type":"","overlay-color":"","overlay-gradient":""},"tablet":{"background-color":"","background-image":"","background-repeat":"repeat","background-position":"center center","background-size":"auto","background-attachment":"scroll","background-type":"","background-media":"","overlay-type":"","overlay-color":"","overlay-gradient":""},"mobile":{"background-color":"","background-image":"","background-repeat":"repeat","background-position":"center center","background-size":"auto","background-attachment":"scroll","background-type":"","background-media":"","overlay-type":"","overlay-color":"","overlay-gradient":""}},"ast-content-background-meta":{"desktop":{"background-color":"var(--ast-global-color-5)","background-image":"","background-repeat":"repeat","background-position":"center center","background-size":"auto","background-attachment":"scroll","background-type":"","background-media":"","overlay-type":"","overlay-color":"","overlay-gradient":""},"tablet":{"background-color":"var(--ast-global-color-5)","background-image":"","background-repeat":"repeat","background-position":"center center","background-size":"auto","background-attachment":"scroll","background-type":"","background-media":"","overlay-type":"","overlay-color":"","overlay-gradient":""},"mobile":{"background-color":"var(--ast-global-color-5)","background-image":"","background-repeat":"repeat","background-position":"center center","background-size":"auto","background-attachment":"scroll","background-type":"","background-media":"","overlay-type":"","overlay-color":"","overlay-gradient":""}},"footnotes":""},"_links":{"self":[{"href":"https:\/\/colombiavenezuela.rrremesas.com\/index.php\/wp-json\/wp\/v2\/pages\/8"}],"collection":[{"href":"https:\/\/colombiavenezuela.rrremesas.com\/index.php\/wp-json\/wp\/v2\/pages"}],"about":[{"href":"https:\/\/colombiavenezuela.rrremesas.com\/index.php\/wp-json\/wp\/v2\/types\/page"}],"author":[{"embeddable":true,"href":"https:\/\/colombiavenezuela.rrremesas.com\/index.php\/wp-json\/wp\/v2\/users\/1"}],"replies":[{"embeddable":true,"href":"https:\/\/colombiavenezuela.rrremesas.com\/index.php\/wp-json\/wp\/v2\/comments?post=8"}],"version-history":[{"count":7,"href":"https:\/\/colombiavenezuela.rrremesas.com\/index.php\/wp-json\/wp\/v2\/pages\/8\/revisions"}],"predecessor-version":[{"id":37,"href":"https:\/\/colombiavenezuela.rrremesas.com\/index.php\/wp-json\/wp\/v2\/pages\/8\/revisions\/37"}],"wp:attachment":[{"href":"https:\/\/colombiavenezuela.rrremesas.com\/index.php\/wp-json\/wp\/v2\/media?parent=8"}],"curies":[{"name":"wp","href":"https:\/\/api.w.org\/{rel}","templated":true}]}}